{"id":1469,"date":"2022-11-09T16:07:09","date_gmt":"2022-11-09T15:07:09","guid":{"rendered":"https:\/\/kinesiologie-paula.fr\/feng-shui\/"},"modified":"2025-11-20T00:43:16","modified_gmt":"2025-11-19T23:43:16","slug":"feng-shui","status":"publish","type":"page","link":"https:\/\/kinesiologie-paula.fr\/pt-pt\/feng-shui\/","title":{"rendered":"Feng Shui"},"content":{"rendered":"\t\t<div data-elementor-type=\"wp-page\" data-elementor-id=\"1469\" class=\"elementor elementor-1469 elementor-104\">\n\t\t\t\t\t\t<section class=\"elementor-section elementor-top-section elementor-element elementor-element-2223632 elementor-section-boxed elementor-section-height-default elementor-section-height-default\" data-id=\"2223632\" data-element_type=\"section\" data-e-type=\"section\">\n\t\t\t\t\t\t<div class=\"elementor-container elementor-column-gap-default\">\n\t\t\t\t\t<div class=\"elementor-column elementor-col-100 elementor-top-column elementor-element elementor-element-31680c5\" data-id=\"31680c5\" data-element_type=\"column\" data-e-type=\"column\">\n\t\t\t<div class=\"elementor-widget-wrap elementor-element-populated\">\n\t\t\t\t\t\t<div class=\"elementor-element elementor-element-84039ac elementor-widget elementor-widget-heading\" data-id=\"84039ac\" data-element_type=\"widget\" data-e-type=\"widget\" data-widget_type=\"heading.default\">\n\t\t\t\t<div class=\"elementor-widget-container\">\n\t\t\t\t\t<h2 class=\"elementor-heading-title elementor-size-default\">A harmonia atrav\u00e9s do FENG SHUI<\/h2>\t\t\t\t<\/div>\n\t\t\t\t<\/div>\n\t\t\t\t<div class=\"elementor-element elementor-element-708a6d6 elementor-widget-divider--view-line elementor-widget elementor-widget-divider\" data-id=\"708a6d6\" data-element_type=\"widget\" data-e-type=\"widget\" data-widget_type=\"divider.default\">\n\t\t\t\t<div class=\"elementor-widget-container\">\n\t\t\t\t\t\t\t<div class=\"elementor-divider\">\n\t\t\t<span class=\"elementor-divider-separator\">\n\t\t\t\t\t\t<\/span>\n\t\t<\/div>\n\t\t\t\t\t\t<\/div>\n\t\t\t\t<\/div>\n\t\t\t\t<div class=\"elementor-element elementor-element-3887bcf elementor-widget elementor-widget-text-editor\" data-id=\"3887bcf\" data-element_type=\"widget\" data-e-type=\"widget\" data-widget_type=\"text-editor.default\">\n\t\t\t\t<div class=\"elementor-widget-container\">\n\t\t\t\t\t\t\t\t\t<p>Preocupa\u00e7\u00f5es no trabalho, problemas de sa\u00fade, rela\u00e7\u00f5es familiares, conflituosas, crian\u00e7as fragilizadas, preocupa\u00e7\u00f5es financeiras\u2026<br>Quem de n\u00f3s nunca se confrontou um dia com uma destas situa\u00e7\u00f5es? <br>Apesar de uma natureza positiva e da procura ativa de solu\u00e7\u00f5es, pode <br>acontecer que as dificuldades persistam.<br>N\u00e3o se trata do \u201cazar\u201d que insiste em si, mas sim da consequ\u00eancia de um <br>desequil\u00edbrio energ\u00e9tico no seu ambiente.<br>O Feng Shui \u00e9 uma disciplina chinesa ancestral, nascida h\u00e1 mais de 3500 anos, cujos princ\u00edpios se baseiam na circula\u00e7\u00e3o da energia (chi), no equil\u00edbrio Yin\/Yang e nos 5 elementos (madeira, fogo, terra, metal, \u00e1gua).<\/p><p style=\"text-align: center;\"><span style=\"color: #9a0100;\">O seu objetivo \u00e9 melhorar cada aspeto da nossa vida atuando sobre o nosso <br>ambiente.<\/span><\/p>\t\t\t\t\t\t\t\t<\/div>\n\t\t\t\t<\/div>\n\t\t\t\t<div class=\"elementor-element elementor-element-e7aa9b1 elementor-widget elementor-widget-text-editor\" data-id=\"e7aa9b1\" data-element_type=\"widget\" data-e-type=\"widget\" data-widget_type=\"text-editor.default\">\n\t\t\t\t<div class=\"elementor-widget-container\">\n\t\t\t\t\t\t\t\t\t<p> <img fetchpriority=\"high\" decoding=\"async\" class=\"size-medium wp-image-866 alignright\" src=\"https:\/\/kinesiologie-paula.fr\/wp-content\/uploads\/cercle-300x285.jpg\" alt=\"\" width=\"300\" height=\"285\" srcset=\"https:\/\/kinesiologie-paula.fr\/wp-content\/uploads\/cercle-300x285.jpg 300w, https:\/\/kinesiologie-paula.fr\/wp-content\/uploads\/cercle.jpg 595w\" sizes=\"(max-width: 300px) 100vw, 300px\" \/>O especialista em Feng Shui diagnostica os \u201cdesequil\u00edbrios\u201d e, atrav\u00e9s da <br>harmoniza\u00e7\u00e3o das energias, encontra os rem\u00e9dios que restauram os setores <br>fragilizados:<br>\u2013 Fam\u00edlia<br>\u2013 Sa\u00fade (estudo da geobiologia e das polui\u00e7\u00f5es eletromagn\u00e9ticas)<br>\u2013 Casal<br>\u2013 Carreira<br>\u2013 Dinheiro<br>\u2013 projetos<br>_ rela\u00e7\u00f5es<\/p><p>Uma consultoria em Feng Shui pode ainda ser solicitada para:<br>\u2013 Otimizar a aquisi\u00e7\u00e3o de uma habita\u00e7\u00e3o ou de um espa\u00e7o profissional <br>(localiza\u00e7\u00e3o geogr\u00e1fica, ano de constru\u00e7\u00e3o, disposi\u00e7\u00e3o)<br>\u2013 Proceder a uma clarifica\u00e7\u00e3o das energias (limpeza de energias negativas <br>e estagnadas)<br>\u2013 Favorecer a qualidade do sono e a sa\u00fade de um rec\u00e9m-nascido<br><br><\/p>\t\t\t\t\t\t\t\t<\/div>\n\t\t\t\t<\/div>\n\t\t\t\t<div class=\"elementor-element elementor-element-8f7c7d5 elementor-widget elementor-widget-image\" data-id=\"8f7c7d5\" data-element_type=\"widget\" data-e-type=\"widget\" data-widget_type=\"image.default\">\n\t\t\t\t<div class=\"elementor-widget-container\">\n\t\t\t\t\t\t\t\t\t\t\t\t\t\t\t<img decoding=\"async\" width=\"300\" height=\"280\" src=\"https:\/\/kinesiologie-paula.fr\/wp-content\/uploads\/cercle3-300x280.jpg\" class=\"attachment-medium size-medium wp-image-1418\" alt=\"\" srcset=\"https:\/\/kinesiologie-paula.fr\/wp-content\/uploads\/cercle3-300x280.jpg 300w, https:\/\/kinesiologie-paula.fr\/wp-content\/uploads\/cercle3.jpg 637w\" sizes=\"(max-width: 300px) 100vw, 300px\" \/>\t\t\t\t\t\t\t\t\t\t\t\t\t\t\t<\/div>\n\t\t\t\t<\/div>\n\t\t\t\t<div class=\"elementor-element elementor-element-2634958 elementor-widget elementor-widget-text-editor\" data-id=\"2634958\" data-element_type=\"widget\" data-e-type=\"widget\" data-widget_type=\"text-editor.default\">\n\t\t\t\t<div class=\"elementor-widget-container\">\n\t\t\t\t\t\t\t\t\t<p>O Feng Shui \u00e9 tamb\u00e9m uma excelente ferramenta de autoconhecimento, pois a nossa casa \u00e9 o prolongamento do nosso ser inconsciente.<\/p>\t\t\t\t\t\t\t\t<\/div>\n\t\t\t\t<\/div>\n\t\t\t\t<div class=\"elementor-element elementor-element-98909b0 elementor-widget elementor-widget-text-editor\" data-id=\"98909b0\" data-element_type=\"widget\" data-e-type=\"widget\" data-widget_type=\"text-editor.default\">\n\t\t\t\t<div class=\"elementor-widget-container\">\n\t\t\t\t\t\t\t\t\tSe aspira a mais bem-estar e serenidade, contacte-me!\t\t\t\t\t\t\t\t<\/div>\n\t\t\t\t<\/div>\n\t\t\t\t<div class=\"elementor-element elementor-element-50f6281 elementor-widget-divider--view-line elementor-widget elementor-widget-divider\" data-id=\"50f6281\" data-element_type=\"widget\" data-e-type=\"widget\" data-widget_type=\"divider.default\">\n\t\t\t\t<div class=\"elementor-widget-container\">\n\t\t\t\t\t\t\t<div class=\"elementor-divider\">\n\t\t\t<span class=\"elementor-divider-separator\">\n\t\t\t\t\t\t<\/span>\n\t\t<\/div>\n\t\t\t\t\t\t<\/div>\n\t\t\t\t<\/div>\n\t\t\t\t<section class=\"elementor-section elementor-inner-section elementor-element elementor-element-029e7a6 elementor-section-boxed elementor-section-height-default elementor-section-height-default\" data-id=\"029e7a6\" data-element_type=\"section\" data-e-type=\"section\">\n\t\t\t\t\t\t<div class=\"elementor-container elementor-column-gap-default\">\n\t\t\t\t\t<div class=\"elementor-column elementor-col-50 elementor-inner-column elementor-element elementor-element-fcadc9c\" data-id=\"fcadc9c\" data-element_type=\"column\" data-e-type=\"column\">\n\t\t\t<div class=\"elementor-widget-wrap elementor-element-populated\">\n\t\t\t\t\t\t<div class=\"elementor-element elementor-element-ae9c5de elementor-widget elementor-widget-text-editor\" data-id=\"ae9c5de\" data-element_type=\"widget\" data-e-type=\"widget\" data-widget_type=\"text-editor.default\">\n\t\t\t\t<div class=\"elementor-widget-container\">\n\t\t\t\t\t\t\t\t\t<p><strong>Primeira visita<\/strong><\/p><p>Reserve entre 3h e 4h<br><br>&#8211; visita detalhada ao local<br>Question\u00e1rio aos moradores (data de constru\u00e7\u00e3o, data da mudan\u00e7a, etc.)<br>an\u00e1lise da sua solicita\u00e7\u00e3o (sa\u00fade, finan\u00e7as, relacionamento, etc.)<br>envio de plantas em escala<br>estudo geobiol\u00f3gico e medida das polui\u00e7\u00f5es electromagn\u00e9ticas<br>fotos do local<\/p>\t\t\t\t\t\t\t\t<\/div>\n\t\t\t\t<\/div>\n\t\t\t\t\t<\/div>\n\t\t<\/div>\n\t\t\t\t<div class=\"elementor-column elementor-col-50 elementor-inner-column elementor-element elementor-element-541f560\" data-id=\"541f560\" data-element_type=\"column\" data-e-type=\"column\">\n\t\t\t<div class=\"elementor-widget-wrap elementor-element-populated\">\n\t\t\t\t\t\t<div class=\"elementor-element elementor-element-2894b96 elementor-widget elementor-widget-text-editor\" data-id=\"2894b96\" data-element_type=\"widget\" data-e-type=\"widget\" data-widget_type=\"text-editor.default\">\n\t\t\t\t<div class=\"elementor-widget-container\">\n\t\t\t\t\t\t\t\t\t<p><strong>2\u00aa Visita e relat\u00f3rio<\/strong><\/p><p>Primeiro relat\u00f3rio oral e sugest\u00f5es de solu\u00e7\u00f5es e corre\u00e7\u00f5es.<br>Envio de um relat\u00f3rio escrito.<\/p><p><img decoding=\"async\" class=\"alignnone size-medium wp-image-865\" src=\"https:\/\/kinesiologie-paula.fr\/wp-content\/uploads\/cercle2-300x261.jpg\" alt=\"\" width=\"300\" height=\"261\" srcset=\"https:\/\/kinesiologie-paula.fr\/wp-content\/uploads\/cercle2-300x261.jpg 300w, https:\/\/kinesiologie-paula.fr\/wp-content\/uploads\/cercle2.jpg 644w\" sizes=\"(max-width: 300px) 100vw, 300px\" \/><\/p>\t\t\t\t\t\t\t\t<\/div>\n\t\t\t\t<\/div>\n\t\t\t\t\t<\/div>\n\t\t<\/div>\n\t\t\t\t\t<\/div>\n\t\t<\/section>\n\t\t\t\t\t<\/div>\n\t\t<\/div>\n\t\t\t\t\t<\/div>\n\t\t<\/section>\n\t\t\t\t<section class=\"elementor-section elementor-top-section elementor-element elementor-element-2e3c08c elementor-section-boxed elementor-section-height-default elementor-section-height-default\" data-id=\"2e3c08c\" data-element_type=\"section\" data-e-type=\"section\">\n\t\t\t\t\t\t<div class=\"elementor-container elementor-column-gap-default\">\n\t\t\t\t\t<div class=\"elementor-column elementor-col-100 elementor-top-column elementor-element elementor-element-1e5c3bc\" data-id=\"1e5c3bc\" data-element_type=\"column\" data-e-type=\"column\">\n\t\t\t<div class=\"elementor-widget-wrap elementor-element-populated\">\n\t\t\t\t\t\t<div class=\"elementor-element elementor-element-06d50b5 elementor-widget elementor-widget-heading\" data-id=\"06d50b5\" data-element_type=\"widget\" data-e-type=\"widget\" data-widget_type=\"heading.default\">\n\t\t\t\t<div class=\"elementor-widget-container\">\n\t\t\t\t\t<h2 class=\"elementor-heading-title elementor-size-default\">FORMUL\u00c1RIO DE COTA\u00c7\u00c3O<\/h2>\t\t\t\t<\/div>\n\t\t\t\t<\/div>\n\t\t\t\t<div class=\"elementor-element elementor-element-fe7e6d9 elementor-widget elementor-widget-wpforms\" data-id=\"fe7e6d9\" data-element_type=\"widget\" data-e-type=\"widget\" data-widget_type=\"wpforms.default\">\n\t\t\t\t<div class=\"elementor-widget-container\">\n\t\t\t\t\t<div class=\"wpforms-container wpforms-container-full\" id=\"wpforms-92\"><form id=\"wpforms-form-92\" class=\"wpforms-validate wpforms-form wpforms-ajax-form\" data-formid=\"92\" method=\"post\" enctype=\"multipart\/form-data\" action=\"\/pt-pt\/wp-json\/wp\/v2\/pages\/1469\" data-token=\"38b937a010a6ec043ccb555c39b404ce\" data-token-time=\"1777209849\"><noscript class=\"wpforms-error-noscript\">Please enable JavaScript in your browser to complete this form.<\/noscript><div class=\"wpforms-field-container\"><div id=\"wpforms-92-field_1-container\" class=\"wpforms-field wpforms-field-name\" data-field-id=\"1\"><label class=\"wpforms-field-label\">Coordonn\u00e9es <span class=\"wpforms-required-label\">*<\/span><\/label><div class=\"wpforms-field-row wpforms-field-large\"><div class=\"wpforms-field-row-block wpforms-first wpforms-one-half\"><input type=\"text\" id=\"wpforms-92-field_1\" class=\"wpforms-field-name-first wpforms-field-required\" name=\"wpforms[fields][1][first]\" required><label for=\"wpforms-92-field_1\" class=\"wpforms-field-sublabel after\">First<\/label><\/div><div class=\"wpforms-field-row-block wpforms-one-half\"><input type=\"text\" id=\"wpforms-92-field_1-last\" class=\"wpforms-field-name-last wpforms-field-required\" name=\"wpforms[fields][1][last]\" required><label for=\"wpforms-92-field_1-last\" class=\"wpforms-field-sublabel after\">Last<\/label><\/div><\/div><\/div><div id=\"wpforms-92-field_2-container\" class=\"wpforms-field wpforms-field-text\" data-field-id=\"2\"><label class=\"wpforms-field-label\" for=\"wpforms-92-field_2\">T\u00e9l\u00e9phone <span class=\"wpforms-required-label\">*<\/span><\/label><input type=\"text\" id=\"wpforms-92-field_2\" class=\"wpforms-field-large wpforms-field-required\" name=\"wpforms[fields][2]\" required><\/div><div id=\"wpforms-92-field_4-container\" class=\"wpforms-field wpforms-field-email\" data-field-id=\"4\"><label class=\"wpforms-field-label\">E-mail <span class=\"wpforms-required-label\">*<\/span><\/label><div class=\"wpforms-field-row wpforms-field-large\"><div class=\"wpforms-field-row-block wpforms-one-half wpforms-first\"><input type=\"email\" id=\"wpforms-92-field_4\" class=\"wpforms-field-required wpforms-field-email-primary\" name=\"wpforms[fields][4][primary]\" spellcheck=\"false\" required><label for=\"wpforms-92-field_4\" class=\"wpforms-field-sublabel after\">Email<\/label><\/div><div class=\"wpforms-field-row-block wpforms-one-half\"><input type=\"email\" id=\"wpforms-92-field_4-secondary\" class=\"wpforms-field-email-secondary wpforms-field-required\" data-rule-confirm=\"#wpforms-92-field_4\" name=\"wpforms[fields][4][secondary]\" spellcheck=\"false\" required><label for=\"wpforms-92-field_4-secondary\" class=\"wpforms-field-sublabel after\">Confirm Email<\/label><\/div><\/div><\/div><div id=\"wpforms-92-field_3-container\" class=\"wpforms-field wpforms-field-text\" data-field-id=\"3\"><label class=\"wpforms-field-label\" for=\"wpforms-92-field_3\">Adresse<\/label><input type=\"text\" id=\"wpforms-92-field_3\" class=\"wpforms-field-large\" name=\"wpforms[fields][3]\" ><\/div><div id=\"wpforms-92-field_5-container\" class=\"wpforms-field wpforms-field-number\" data-field-id=\"5\"><label class=\"wpforms-field-label\" for=\"wpforms-92-field_5\">Nombres de personnes<\/label><input type=\"number\" id=\"wpforms-92-field_5\" class=\"wpforms-field-medium\" name=\"wpforms[fields][5]\" step=\"any\" ><\/div><div id=\"wpforms-92-field_6-container\" class=\"wpforms-field wpforms-field-text\" data-field-id=\"6\"><label class=\"wpforms-field-label\" for=\"wpforms-92-field_6\">M\u00e8tres carr\u00e9s de surface \u00e0 expertiser<\/label><input type=\"text\" id=\"wpforms-92-field_6\" class=\"wpforms-field-medium\" name=\"wpforms[fields][6]\" ><\/div><div id=\"wpforms-92-field_7-container\" class=\"wpforms-field wpforms-field-number\" data-field-id=\"7\"><label class=\"wpforms-field-label\" for=\"wpforms-92-field_7\">Nombres de pi\u00e8ces<\/label><input type=\"number\" id=\"wpforms-92-field_7\" class=\"wpforms-field-medium\" name=\"wpforms[fields][7]\" step=\"any\" ><\/div><div id=\"wpforms-92-field_8-container\" class=\"wpforms-field wpforms-field-checkbox\" data-field-id=\"8\"><label class=\"wpforms-field-label\">Types de logement<\/label><ul id=\"wpforms-92-field_8\"><li class=\"choice-1 depth-1\"><input type=\"checkbox\" id=\"wpforms-92-field_8_1\" name=\"wpforms[fields][8][]\" value=\"Appartement\"  ><label class=\"wpforms-field-label-inline\" for=\"wpforms-92-field_8_1\">Appartement<\/label><\/li><li class=\"choice-2 depth-1\"><input type=\"checkbox\" id=\"wpforms-92-field_8_2\" name=\"wpforms[fields][8][]\" value=\"Maison\"  ><label class=\"wpforms-field-label-inline\" for=\"wpforms-92-field_8_2\">Maison<\/label><\/li><li class=\"choice-3 depth-1\"><input type=\"checkbox\" id=\"wpforms-92-field_8_3\" name=\"wpforms[fields][8][]\" value=\"Local\"  ><label class=\"wpforms-field-label-inline\" for=\"wpforms-92-field_8_3\">Local<\/label><\/li><li class=\"choice-4 depth-1\"><input type=\"checkbox\" id=\"wpforms-92-field_8_4\" name=\"wpforms[fields][8][]\" value=\"Bureau\"  ><label class=\"wpforms-field-label-inline\" for=\"wpforms-92-field_8_4\">Bureau<\/label><\/li><\/ul><\/div><\/div><!-- .wpforms-field-container --><div class=\"wpforms-recaptcha-container wpforms-is-recaptcha wpforms-is-recaptcha-type-v2\" ><div class=\"g-recaptcha\" data-sitekey=\"6LeaY-YhAAAAAKf6NxQpyGWpQA1VGYBEEz8yIe6i\"><\/div><input type=\"text\" name=\"g-recaptcha-hidden\" class=\"wpforms-recaptcha-hidden\" style=\"position:absolute!important;clip:rect(0,0,0,0)!important;height:1px!important;width:1px!important;border:0!important;overflow:hidden!important;padding:0!important;margin:0!important;\" data-rule-recaptcha=\"1\"><\/div><div class=\"wpforms-submit-container\" ><input type=\"hidden\" name=\"wpforms[id]\" value=\"92\"><input type=\"hidden\" name=\"page_title\" value=\"\"><input type=\"hidden\" name=\"page_url\" value=\"https:\/\/kinesiologie-paula.fr\/pt-pt\/wp-json\/wp\/v2\/pages\/1469\"><input type=\"hidden\" name=\"url_referer\" value=\"\"><button type=\"submit\" name=\"wpforms[submit]\" id=\"wpforms-submit-92\" class=\"wpforms-submit\" data-alt-text=\"Envoi...\" data-submit-text=\"Envoyer\" aria-live=\"assertive\" value=\"wpforms-submit\">Envoyer<\/button><img loading=\"lazy\" decoding=\"async\" src=\"https:\/\/kinesiologie-paula.fr\/wp-content\/plugins\/wpforms-lite\/assets\/images\/submit-spin.svg\" class=\"wpforms-submit-spinner\" style=\"display: none;\" width=\"26\" height=\"26\" alt=\"Loading\"><\/div><\/form><\/div>  <!-- .wpforms-container -->\t\t\t\t<\/div>\n\t\t\t\t<\/div>\n\t\t\t\t\t<\/div>\n\t\t<\/div>\n\t\t\t\t\t<\/div>\n\t\t<\/section>\n\t\t\t\t<\/div>\n\t\t","protected":false},"excerpt":{"rendered":"<p>A harmonia atrav\u00e9s do FENG SHUI Preocupa\u00e7\u00f5es no trabalho, problemas de sa\u00fade, rela\u00e7\u00f5es familiares, conflituosas, crian\u00e7as fragilizadas, preocupa\u00e7\u00f5es financeiras\u2026Quem de n\u00f3s nunca se confrontou um dia com uma destas situa\u00e7\u00f5es? Apesar de uma natureza positiva e da procura ativa de solu\u00e7\u00f5es, pode acontecer que as dificuldades persistam.N\u00e3o se trata do \u201cazar\u201d que insiste em si, [&hellip;]<\/p>\n","protected":false},"author":2,"featured_media":1419,"parent":0,"menu_order":0,"comment_status":"closed","ping_status":"closed","template":"","meta":{"ocean_post_layout":"full-width","ocean_both_sidebars_style":"","ocean_both_sidebars_content_width":0,"ocean_both_sidebars_sidebars_width":0,"ocean_sidebar":"0","ocean_second_sidebar":"0","ocean_disable_margins":"enable","ocean_add_body_class":"","ocean_shortcode_before_top_bar":"","ocean_shortcode_after_top_bar":"","ocean_shortcode_before_header":"","ocean_shortcode_after_header":"","ocean_has_shortcode":"","ocean_shortcode_after_title":"","ocean_shortcode_before_footer_widgets":"","ocean_shortcode_after_footer_widgets":"","ocean_shortcode_before_footer_bottom":"","ocean_shortcode_after_footer_bottom":"","ocean_display_top_bar":"default","ocean_display_header":"default","ocean_header_style":"","ocean_center_header_left_menu":"0","ocean_custom_header_template":"0","ocean_custom_logo":0,"ocean_custom_retina_logo":0,"ocean_custom_logo_max_width":0,"ocean_custom_logo_tablet_max_width":0,"ocean_custom_logo_mobile_max_width":0,"ocean_custom_logo_max_height":0,"ocean_custom_logo_tablet_max_height":0,"ocean_custom_logo_mobile_max_height":0,"ocean_header_custom_menu":"0","ocean_menu_typo_font_family":"0","ocean_menu_typo_font_subset":"","ocean_menu_typo_font_size":0,"ocean_menu_typo_font_size_tablet":0,"ocean_menu_typo_font_size_mobile":0,"ocean_menu_typo_font_size_unit":"px","ocean_menu_typo_font_weight":"","ocean_menu_typo_font_weight_tablet":"","ocean_menu_typo_font_weight_mobile":"","ocean_menu_typo_transform":"","ocean_menu_typo_transform_tablet":"","ocean_menu_typo_transform_mobile":"","ocean_menu_typo_line_height":0,"ocean_menu_typo_line_height_tablet":0,"ocean_menu_typo_line_height_mobile":0,"ocean_menu_typo_line_height_unit":"","ocean_menu_typo_spacing":0,"ocean_menu_typo_spacing_tablet":0,"ocean_menu_typo_spacing_mobile":0,"ocean_menu_typo_spacing_unit":"","ocean_menu_link_color":"","ocean_menu_link_color_hover":"","ocean_menu_link_color_active":"","ocean_menu_link_background":"","ocean_menu_link_hover_background":"","ocean_menu_link_active_background":"","ocean_menu_social_links_bg":"","ocean_menu_social_hover_links_bg":"","ocean_menu_social_links_color":"","ocean_menu_social_hover_links_color":"","ocean_disable_title":"default","ocean_disable_heading":"default","ocean_post_title":"","ocean_post_subheading":"","ocean_post_title_style":"","ocean_post_title_background_color":"","ocean_post_title_background":0,"ocean_post_title_bg_image_position":"","ocean_post_title_bg_image_attachment":"","ocean_post_title_bg_image_repeat":"","ocean_post_title_bg_image_size":"","ocean_post_title_height":0,"ocean_post_title_bg_overlay":0.5,"ocean_post_title_bg_overlay_color":"","ocean_disable_breadcrumbs":"default","ocean_breadcrumbs_color":"","ocean_breadcrumbs_separator_color":"","ocean_breadcrumbs_links_color":"","ocean_breadcrumbs_links_hover_color":"","ocean_display_footer_widgets":"default","ocean_display_footer_bottom":"default","ocean_custom_footer_template":"0","footnotes":""},"class_list":["post-1469","page","type-page","status-publish","has-post-thumbnail","hentry","entry","has-media"],"_links":{"self":[{"href":"https:\/\/kinesiologie-paula.fr\/pt-pt\/wp-json\/wp\/v2\/pages\/1469","targetHints":{"allow":["GET"]}}],"collection":[{"href":"https:\/\/kinesiologie-paula.fr\/pt-pt\/wp-json\/wp\/v2\/pages"}],"about":[{"href":"https:\/\/kinesiologie-paula.fr\/pt-pt\/wp-json\/wp\/v2\/types\/page"}],"author":[{"embeddable":true,"href":"https:\/\/kinesiologie-paula.fr\/pt-pt\/wp-json\/wp\/v2\/users\/2"}],"replies":[{"embeddable":true,"href":"https:\/\/kinesiologie-paula.fr\/pt-pt\/wp-json\/wp\/v2\/comments?post=1469"}],"version-history":[{"count":1,"href":"https:\/\/kinesiologie-paula.fr\/pt-pt\/wp-json\/wp\/v2\/pages\/1469\/revisions"}],"predecessor-version":[{"id":1470,"href":"https:\/\/kinesiologie-paula.fr\/pt-pt\/wp-json\/wp\/v2\/pages\/1469\/revisions\/1470"}],"wp:featuredmedia":[{"embeddable":true,"href":"https:\/\/kinesiologie-paula.fr\/pt-pt\/wp-json\/wp\/v2\/media\/1419"}],"wp:attachment":[{"href":"https:\/\/kinesiologie-paula.fr\/pt-pt\/wp-json\/wp\/v2\/media?parent=1469"}],"curies":[{"name":"wp","href":"https:\/\/api.w.org\/{rel}","templated":true}]}}