{"id":1465,"date":"2022-11-09T16:09:56","date_gmt":"2022-11-09T15:09:56","guid":{"rendered":"https:\/\/kinesiologie-paula.fr\/massagem-californiana\/"},"modified":"2025-11-20T00:40:52","modified_gmt":"2025-11-19T23:40:52","slug":"massagem-californiana","status":"publish","type":"page","link":"https:\/\/kinesiologie-paula.fr\/pt-pt\/massagem-californiana\/","title":{"rendered":"Massagem californiana"},"content":{"rendered":"\t\t<div data-elementor-type=\"wp-page\" data-elementor-id=\"1465\" class=\"elementor elementor-1465 elementor-112\">\n\t\t\t\t\t\t<section class=\"elementor-section elementor-top-section elementor-element elementor-element-6998533 elementor-section-boxed elementor-section-height-default elementor-section-height-default\" data-id=\"6998533\" data-element_type=\"section\" data-e-type=\"section\">\n\t\t\t\t\t\t<div class=\"elementor-container elementor-column-gap-default\">\n\t\t\t\t\t<div class=\"elementor-column elementor-col-100 elementor-top-column elementor-element elementor-element-dcaa918\" data-id=\"dcaa918\" data-element_type=\"column\" data-e-type=\"column\">\n\t\t\t<div class=\"elementor-widget-wrap elementor-element-populated\">\n\t\t\t\t\t\t<div class=\"elementor-element elementor-element-f7cd2a8 elementor-widget elementor-widget-text-editor\" data-id=\"f7cd2a8\" data-element_type=\"widget\" data-e-type=\"widget\" data-widget_type=\"text-editor.default\">\n\t\t\t\t<div class=\"elementor-widget-container\">\n\t\t\t\t\t\t\t\t\t<p>Massagem com \u00f3leo <span style=\"color: #9a0100;\"><b>relaxante, inspirada em diferentes t\u00e9cnicas de massagens tradicionais<\/b><\/span> do mundo. Esta massagem utiliza movimentos longos, lentos, harmoniosos e fluidos, bem como press\u00f5es deslizantes que permitem um relaxamento f\u00edsico e ps\u00edquico profundo.  <br>Favorece assim a elimina\u00e7\u00e3o do stress e das tens\u00f5es musculares.<\/p>\t\t\t\t\t\t\t\t<\/div>\n\t\t\t\t<\/div>\n\t\t\t\t<div class=\"elementor-element elementor-element-1a5a36c elementor-widget elementor-widget-text-editor\" data-id=\"1a5a36c\" data-element_type=\"widget\" data-e-type=\"widget\" data-widget_type=\"text-editor.default\">\n\t\t\t\t<div class=\"elementor-widget-container\">\n\t\t\t\t\t\t\t\t\t<p>Esta massagem acalma o corpo e a mente, proporciona uma sensa\u00e7\u00e3o de bem-estar, harmoniza a circula\u00e7\u00e3o da energia, favorece um estado de relaxamento e apoia o potencial de cura.<\/p>\t\t\t\t\t\t\t\t<\/div>\n\t\t\t\t<\/div>\n\t\t\t\t<div class=\"elementor-element elementor-element-ac41050 elementor-widget-divider--view-line elementor-widget elementor-widget-divider\" data-id=\"ac41050\" data-element_type=\"widget\" data-e-type=\"widget\" data-widget_type=\"divider.default\">\n\t\t\t\t<div class=\"elementor-widget-container\">\n\t\t\t\t\t\t\t<div class=\"elementor-divider\">\n\t\t\t<span class=\"elementor-divider-separator\">\n\t\t\t\t\t\t<\/span>\n\t\t<\/div>\n\t\t\t\t\t\t<\/div>\n\t\t\t\t<\/div>\n\t\t\t\t\t<\/div>\n\t\t<\/div>\n\t\t\t\t\t<\/div>\n\t\t<\/section>\n\t\t\t\t<section class=\"elementor-section elementor-top-section elementor-element elementor-element-493d7fd elementor-section-boxed elementor-section-height-default elementor-section-height-default\" data-id=\"493d7fd\" data-element_type=\"section\" data-e-type=\"section\">\n\t\t\t\t\t\t<div class=\"elementor-container elementor-column-gap-default\">\n\t\t\t\t\t<div class=\"elementor-column elementor-col-50 elementor-top-column elementor-element elementor-element-613ff5d\" data-id=\"613ff5d\" data-element_type=\"column\" data-e-type=\"column\">\n\t\t\t<div class=\"elementor-widget-wrap elementor-element-populated\">\n\t\t\t\t\t\t<div class=\"elementor-element elementor-element-9d29256 elementor-widget elementor-widget-heading\" data-id=\"9d29256\" data-element_type=\"widget\" data-e-type=\"widget\" data-widget_type=\"heading.default\">\n\t\t\t\t<div class=\"elementor-widget-container\">\n\t\t\t\t\t<h3 class=\"elementor-heading-title elementor-size-default\">pre\u00e7o<\/h3>\t\t\t\t<\/div>\n\t\t\t\t<\/div>\n\t\t\t\t<div class=\"elementor-element elementor-element-d114808 elementor-widget elementor-widget-oew-pricing\" data-id=\"d114808\" data-element_type=\"widget\" data-e-type=\"widget\" data-widget_type=\"oew-pricing.default\">\n\t\t\t\t<div class=\"elementor-widget-container\">\n\t\t\t\t\t\n\t\t<div class=\"oew-pricing clr\">\n\n\t\t\t\n\t\t\t\t<div class=\"oew-pricing-header clr\">Californiana<\/div>\n\n\t\t\t\n\t\t\t\n\t\t\t\t<div class=\"oew-pricing-cost clr\">\n\n\t\t\t\t\t<div class=\"oew-pricing-amount\">50 \u20ac<\/div>\n\n\t\t\t\t\t\n\t\t\t\t<\/div>\n\n\t\t\t\n\t\t\t\n\t\t\t\t<div class=\"oew-pricing-content clr\"><ul>\n<li>Sess\u00e3o 1h<\/li>\n\t\t\t\t\t\t<\/ul><\/div>\n\n\t\t\t\n\t\t\t\n\t\t<\/div><!-- .oew-pricing -->\n\n\t\t\t\t\t\t<\/div>\n\t\t\t\t<\/div>\n\t\t\t\t\t<\/div>\n\t\t<\/div>\n\t\t\t\t<div class=\"elementor-column elementor-col-50 elementor-top-column elementor-element elementor-element-e9bfdf5\" data-id=\"e9bfdf5\" data-element_type=\"column\" data-e-type=\"column\">\n\t\t\t<div class=\"elementor-widget-wrap elementor-element-populated\">\n\t\t\t\t\t\t<div class=\"elementor-element elementor-element-7edc269 elementor-widget elementor-widget-heading\" data-id=\"7edc269\" data-element_type=\"widget\" data-e-type=\"widget\" data-widget_type=\"heading.default\">\n\t\t\t\t<div class=\"elementor-widget-container\">\n\t\t\t\t\t<h3 class=\"elementor-heading-title elementor-size-default\">marca\u00e7\u00e3o de consulta<\/h3>\t\t\t\t<\/div>\n\t\t\t\t<\/div>\n\t\t\t\t<div class=\"elementor-element elementor-element-2136d56 elementor-widget elementor-widget-wp-widget-booked_calendar\" data-id=\"2136d56\" data-element_type=\"widget\" data-e-type=\"widget\" data-widget_type=\"wp-widget-booked_calendar.default\">\n\t\t\t\t<div class=\"elementor-widget-container\">\n\t\t\t\t\t<div class=\"booked-calendar-shortcode-wrap\"><div class=\"booked-calendar-wrap small\"><div class=\"booked-calendar\" data-calendar-date=\"2026-05-01\">\n\t\t<div class=\"bc-head\">\n\n\t\t\t\n\t\t\t<div class=\"bc-row top\">\n\t\t\t\t<div class=\"bc-col\">\n\t\t\t\t\t\t\t\t\t\t<span class=\"calendarSavingState\">\n\t\t\t\t\t\t<i class=\"fa-solid fa-circle-notch fa-spin\"><\/i>\n\t\t\t\t\t<\/span>\n\t\t\t\t\t<span class=\"monthName\">\n\t\t\t\t\t\tMaio 2026\t\t\t\t\t\t\t\t\t\t\t<\/span>\n\t\t\t\t\t<a href=\"#\" data-goto=\"2026-06-01\" class=\"page-right\"><i class=\"fa-solid fa-arrow-right\"><\/i><\/a>\t\t\t\t<\/div>\n\t\t\t<\/div>\n\t\t\t<div class=\"bc-row days\">\n\t\t\t\t\t\t\t\t<div class=\"bc-col\">Seg<\/div>\n\t\t\t\t<div class=\"bc-col\">Ter<\/div>\n\t\t\t\t<div class=\"bc-col\">Qua<\/div>\n\t\t\t\t<div class=\"bc-col\">Qui<\/div>\n\t\t\t\t<div class=\"bc-col\">Sex<\/div>\n\t\t\t\t<div class=\"bc-col\">S\u00e1b<\/div>\t\t\t\t<div class=\"bc-col\">Dom<\/div>\t\t\t<\/div>\n\t\t<\/div>\n\t\t<div class=\"bc-body\"><div class=\"bc-row week\"><div data-date=\"2026-04-27\" class=\"bc-col prev-month prev-date\"><span class=\"date\"><span class=\"number\">27<\/span><\/span><\/div><div data-date=\"2026-04-28\" class=\"bc-col prev-month prev-date\"><span class=\"date\"><span class=\"number\">28<\/span><\/span><\/div><div data-date=\"2026-04-29\" class=\"bc-col prev-month prev-date\"><span class=\"date\"><span class=\"number\">29<\/span><\/span><\/div><div data-date=\"2026-04-30\" class=\"bc-col prev-month prev-date\"><span class=\"date\"><span class=\"number\">30<\/span><\/span><\/div><div data-date=\"2026-05-1\" class=\"bc-col prev-date\"><span class=\"date\"><span class=\"number\">1<\/span><\/span><\/div><div data-date=\"2026-05-2\" class=\"bc-col prev-date\"><span class=\"date\"><span class=\"number\">2<\/span><\/span><\/div><div data-date=\"2026-05-3\" class=\"bc-col prev-date\"><span class=\"date\"><span class=\"number\">3<\/span><\/span><\/div><\/div><div class=\"bc-row week\"><div data-date=\"2026-05-4\" class=\"bc-col prev-date\"><span class=\"date\"><span class=\"number\">4<\/span><\/span><\/div><div data-date=\"2026-05-5\" class=\"bc-col prev-date\"><span class=\"date\"><span class=\"number\">5<\/span><\/span><\/div><div data-date=\"2026-05-6\" class=\"bc-col prev-date\"><span class=\"date\"><span class=\"number\">6<\/span><\/span><\/div><div data-date=\"2026-05-7\" class=\"bc-col prev-date\"><span class=\"date\"><span class=\"number\">7<\/span><\/span><\/div><div data-date=\"2026-05-8\" class=\"bc-col prev-date\"><span class=\"date\"><span class=\"number\">8<\/span><\/span><\/div><div data-date=\"2026-05-9\" class=\"bc-col \"><span class=\"date\"><span class=\"number\">9<\/span><\/span><\/div><div data-date=\"2026-05-10\" class=\"bc-col prev-date\"><span class=\"date\"><span class=\"number\">10<\/span><\/span><\/div><\/div><div class=\"bc-row week\"><div data-date=\"2026-05-11\" class=\"bc-col \"><span class=\"date\"><span class=\"number\">11<\/span><\/span><\/div><div data-date=\"2026-05-12\" class=\"bc-col prev-date\"><span class=\"date\"><span class=\"number\">12<\/span><\/span><\/div><div data-date=\"2026-05-13\" class=\"bc-col prev-date\"><span class=\"date\"><span class=\"number\">13<\/span><\/span><\/div><div data-date=\"2026-05-14\" class=\"bc-col prev-date\"><span class=\"date\"><span class=\"number\">14<\/span><\/span><\/div><div data-date=\"2026-05-15\" class=\"bc-col prev-date\"><span class=\"date\"><span class=\"number\">15<\/span><\/span><\/div><div data-date=\"2026-05-16\" class=\"bc-col prev-date\"><span class=\"date\"><span class=\"number\">16<\/span><\/span><\/div><div data-date=\"2026-05-17\" class=\"bc-col prev-date\"><span class=\"date\"><span class=\"number\">17<\/span><\/span><\/div><\/div><div class=\"bc-row week\"><div data-date=\"2026-05-18\" class=\"bc-col \"><span class=\"date\"><span class=\"number\">18<\/span><\/span><\/div><div data-date=\"2026-05-19\" class=\"bc-col \"><span class=\"date\"><span class=\"number\">19<\/span><\/span><\/div><div data-date=\"2026-05-20\" class=\"bc-col \"><span class=\"date\"><span class=\"number\">20<\/span><\/span><\/div><div data-date=\"2026-05-21\" class=\"bc-col prev-date\"><span class=\"date\"><span class=\"number\">21<\/span><\/span><\/div><div data-date=\"2026-05-22\" class=\"bc-col prev-date\"><span class=\"date\"><span class=\"number\">22<\/span><\/span><\/div><div data-date=\"2026-05-23\" class=\"bc-col prev-date\"><span class=\"date\"><span class=\"number\">23<\/span><\/span><\/div><div data-date=\"2026-05-24\" class=\"bc-col prev-date\"><span class=\"date\"><span class=\"number\">24<\/span><\/span><\/div><\/div><div class=\"bc-row week\"><div data-date=\"2026-05-25\" class=\"bc-col prev-date\"><span class=\"date\"><span class=\"number\">25<\/span><\/span><\/div><div data-date=\"2026-05-26\" class=\"bc-col prev-date\"><span class=\"date\"><span class=\"number\">26<\/span><\/span><\/div><div data-date=\"2026-05-27\" class=\"bc-col prev-date\"><span class=\"date\"><span class=\"number\">27<\/span><\/span><\/div><div data-date=\"2026-05-28\" class=\"bc-col prev-date\"><span class=\"date\"><span class=\"number\">28<\/span><\/span><\/div><div data-date=\"2026-05-29\" class=\"bc-col prev-date\"><span class=\"date\"><span class=\"number\">29<\/span><\/span><\/div><div data-date=\"2026-05-30\" class=\"bc-col prev-date\"><span class=\"date\"><span class=\"number\">30<\/span><\/span><\/div><div data-date=\"2026-05-31\" class=\"bc-col prev-date\"><span class=\"date\"><span class=\"number\">31<\/span><\/span><\/div><\/div>\t\t<\/div>\n\t<\/div><\/div><\/div>\t\t\t\t<\/div>\n\t\t\t\t<\/div>\n\t\t\t\t\t<\/div>\n\t\t<\/div>\n\t\t\t\t\t<\/div>\n\t\t<\/section>\n\t\t\t\t<section class=\"elementor-section elementor-top-section elementor-element elementor-element-61ac772 elementor-section-boxed elementor-section-height-default elementor-section-height-default\" data-id=\"61ac772\" data-element_type=\"section\" data-e-type=\"section\">\n\t\t\t\t\t\t<div class=\"elementor-container elementor-column-gap-default\">\n\t\t\t\t\t<div class=\"elementor-column elementor-col-100 elementor-top-column elementor-element elementor-element-f9c5d29\" data-id=\"f9c5d29\" data-element_type=\"column\" data-e-type=\"column\">\n\t\t\t<div class=\"elementor-widget-wrap elementor-element-populated\">\n\t\t\t\t\t\t<div class=\"elementor-element elementor-element-cee21aa elementor-widget elementor-widget-image\" data-id=\"cee21aa\" data-element_type=\"widget\" data-e-type=\"widget\" data-widget_type=\"image.default\">\n\t\t\t\t<div class=\"elementor-widget-container\">\n\t\t\t\t\t\t\t\t\t\t\t\t\t\t\t<img fetchpriority=\"high\" decoding=\"async\" width=\"1024\" height=\"765\" src=\"https:\/\/kinesiologie-paula.fr\/wp-content\/uploads\/Screenshot_20221104_131029_Facebook-1024x765.jpg\" class=\"attachment-large size-large wp-image-1393\" alt=\"\" srcset=\"https:\/\/kinesiologie-paula.fr\/wp-content\/uploads\/Screenshot_20221104_131029_Facebook-1024x765.jpg 1024w, https:\/\/kinesiologie-paula.fr\/wp-content\/uploads\/Screenshot_20221104_131029_Facebook-300x224.jpg 300w, https:\/\/kinesiologie-paula.fr\/wp-content\/uploads\/Screenshot_20221104_131029_Facebook-768x574.jpg 768w, https:\/\/kinesiologie-paula.fr\/wp-content\/uploads\/Screenshot_20221104_131029_Facebook.jpg 1079w\" sizes=\"(max-width: 1024px) 100vw, 1024px\" \/>\t\t\t\t\t\t\t\t\t\t\t\t\t\t\t<\/div>\n\t\t\t\t<\/div>\n\t\t\t\t\t<\/div>\n\t\t<\/div>\n\t\t\t\t\t<\/div>\n\t\t<\/section>\n\t\t\t\t<\/div>\n\t\t","protected":false},"excerpt":{"rendered":"<p>Massagem com \u00f3leo relaxante, inspirada em diferentes t\u00e9cnicas de massagens tradicionais do mundo. Esta massagem utiliza movimentos longos, lentos, harmoniosos e fluidos, bem como press\u00f5es deslizantes que permitem um relaxamento f\u00edsico e ps\u00edquico profundo. Favorece assim a elimina\u00e7\u00e3o do stress e das tens\u00f5es musculares. Esta massagem acalma o corpo e a mente, proporciona uma sensa\u00e7\u00e3o [&hellip;]<\/p>\n","protected":false},"author":2,"featured_media":1407,"parent":0,"menu_order":0,"comment_status":"closed","ping_status":"closed","template":"","meta":{"ocean_post_layout":"full-width","ocean_both_sidebars_style":"","ocean_both_sidebars_content_width":0,"ocean_both_sidebars_sidebars_width":0,"ocean_sidebar":"0","ocean_second_sidebar":"0","ocean_disable_margins":"enable","ocean_add_body_class":"","ocean_shortcode_before_top_bar":"","ocean_shortcode_after_top_bar":"","ocean_shortcode_before_header":"","ocean_shortcode_after_header":"","ocean_has_shortcode":"","ocean_shortcode_after_title":"","ocean_shortcode_before_footer_widgets":"","ocean_shortcode_after_footer_widgets":"","ocean_shortcode_before_footer_bottom":"","ocean_shortcode_after_footer_bottom":"","ocean_display_top_bar":"default","ocean_display_header":"default","ocean_header_style":"","ocean_center_header_left_menu":"0","ocean_custom_header_template":"0","ocean_custom_logo":0,"ocean_custom_retina_logo":0,"ocean_custom_logo_max_width":0,"ocean_custom_logo_tablet_max_width":0,"ocean_custom_logo_mobile_max_width":0,"ocean_custom_logo_max_height":0,"ocean_custom_logo_tablet_max_height":0,"ocean_custom_logo_mobile_max_height":0,"ocean_header_custom_menu":"0","ocean_menu_typo_font_family":"0","ocean_menu_typo_font_subset":"","ocean_menu_typo_font_size":0,"ocean_menu_typo_font_size_tablet":0,"ocean_menu_typo_font_size_mobile":0,"ocean_menu_typo_font_size_unit":"px","ocean_menu_typo_font_weight":"","ocean_menu_typo_font_weight_tablet":"","ocean_menu_typo_font_weight_mobile":"","ocean_menu_typo_transform":"","ocean_menu_typo_transform_tablet":"","ocean_menu_typo_transform_mobile":"","ocean_menu_typo_line_height":0,"ocean_menu_typo_line_height_tablet":0,"ocean_menu_typo_line_height_mobile":0,"ocean_menu_typo_line_height_unit":"","ocean_menu_typo_spacing":0,"ocean_menu_typo_spacing_tablet":0,"ocean_menu_typo_spacing_mobile":0,"ocean_menu_typo_spacing_unit":"","ocean_menu_link_color":"","ocean_menu_link_color_hover":"","ocean_menu_link_color_active":"","ocean_menu_link_background":"","ocean_menu_link_hover_background":"","ocean_menu_link_active_background":"","ocean_menu_social_links_bg":"","ocean_menu_social_hover_links_bg":"","ocean_menu_social_links_color":"","ocean_menu_social_hover_links_color":"","ocean_disable_title":"default","ocean_disable_heading":"default","ocean_post_title":"","ocean_post_subheading":"","ocean_post_title_style":"","ocean_post_title_background_color":"","ocean_post_title_background":0,"ocean_post_title_bg_image_position":"","ocean_post_title_bg_image_attachment":"","ocean_post_title_bg_image_repeat":"","ocean_post_title_bg_image_size":"","ocean_post_title_height":0,"ocean_post_title_bg_overlay":0.5,"ocean_post_title_bg_overlay_color":"","ocean_disable_breadcrumbs":"default","ocean_breadcrumbs_color":"","ocean_breadcrumbs_separator_color":"","ocean_breadcrumbs_links_color":"","ocean_breadcrumbs_links_hover_color":"","ocean_display_footer_widgets":"default","ocean_display_footer_bottom":"default","ocean_custom_footer_template":"0","footnotes":""},"class_list":["post-1465","page","type-page","status-publish","has-post-thumbnail","hentry","entry","has-media"],"_links":{"self":[{"href":"https:\/\/kinesiologie-paula.fr\/pt-pt\/wp-json\/wp\/v2\/pages\/1465","targetHints":{"allow":["GET"]}}],"collection":[{"href":"https:\/\/kinesiologie-paula.fr\/pt-pt\/wp-json\/wp\/v2\/pages"}],"about":[{"href":"https:\/\/kinesiologie-paula.fr\/pt-pt\/wp-json\/wp\/v2\/types\/page"}],"author":[{"embeddable":true,"href":"https:\/\/kinesiologie-paula.fr\/pt-pt\/wp-json\/wp\/v2\/users\/2"}],"replies":[{"embeddable":true,"href":"https:\/\/kinesiologie-paula.fr\/pt-pt\/wp-json\/wp\/v2\/comments?post=1465"}],"version-history":[{"count":3,"href":"https:\/\/kinesiologie-paula.fr\/pt-pt\/wp-json\/wp\/v2\/pages\/1465\/revisions"}],"predecessor-version":[{"id":1468,"href":"https:\/\/kinesiologie-paula.fr\/pt-pt\/wp-json\/wp\/v2\/pages\/1465\/revisions\/1468"}],"wp:featuredmedia":[{"embeddable":true,"href":"https:\/\/kinesiologie-paula.fr\/pt-pt\/wp-json\/wp\/v2\/media\/1407"}],"wp:attachment":[{"href":"https:\/\/kinesiologie-paula.fr\/pt-pt\/wp-json\/wp\/v2\/media?parent=1465"}],"curies":[{"name":"wp","href":"https:\/\/api.w.org\/{rel}","templated":true}]}}