{"id":1452,"date":"2022-10-04T12:24:49","date_gmt":"2022-10-04T10:24:49","guid":{"rendered":"https:\/\/kinesiologie-paula.fr\/quem-sou\/"},"modified":"2025-11-20T00:39:55","modified_gmt":"2025-11-19T23:39:55","slug":"quem-sou","status":"publish","type":"page","link":"https:\/\/kinesiologie-paula.fr\/pt-pt\/quem-sou\/","title":{"rendered":"Quem sou ?"},"content":{"rendered":"\t\t<div data-elementor-type=\"wp-page\" data-elementor-id=\"1452\" class=\"elementor elementor-1452 elementor-61\">\n\t\t\t\t\t\t<section class=\"elementor-section elementor-top-section elementor-element elementor-element-c070aae elementor-section-boxed elementor-section-height-default elementor-section-height-default\" data-id=\"c070aae\" data-element_type=\"section\" data-e-type=\"section\">\n\t\t\t\t\t\t<div class=\"elementor-container elementor-column-gap-default\">\n\t\t\t\t\t<div class=\"elementor-column elementor-col-100 elementor-top-column elementor-element elementor-element-9e0fc36\" data-id=\"9e0fc36\" data-element_type=\"column\" data-e-type=\"column\">\n\t\t\t<div class=\"elementor-widget-wrap elementor-element-populated\">\n\t\t\t\t\t\t<div class=\"elementor-element elementor-element-ac744aa elementor-widget elementor-widget-text-editor\" data-id=\"ac744aa\" data-element_type=\"widget\" data-e-type=\"widget\" data-widget_type=\"text-editor.default\">\n\t\t\t\t<div class=\"elementor-widget-container\">\n\t\t\t\t\t\t\t\t\t<p>\u00c9 dif\u00edcil definir-se a si mesmo, pois todos somos \u00fanicos e complexos.<br>Uma pessoa n\u00e3o se define apenas pelo que faz, mas certas escolhas de vida podem ajudar-nos a vislumbrar aspetos da sua personalidade.<\/p>\t\t\t\t\t\t\t\t<\/div>\n\t\t\t\t<\/div>\n\t\t\t\t\t<\/div>\n\t\t<\/div>\n\t\t\t\t\t<\/div>\n\t\t<\/section>\n\t\t\t\t<section class=\"elementor-section elementor-top-section elementor-element elementor-element-49555a0 elementor-section-boxed elementor-section-height-default elementor-section-height-default\" data-id=\"49555a0\" data-element_type=\"section\" data-e-type=\"section\">\n\t\t\t\t\t\t<div class=\"elementor-container elementor-column-gap-default\">\n\t\t\t\t\t<div class=\"elementor-column elementor-col-50 elementor-top-column elementor-element elementor-element-ceeaccf\" data-id=\"ceeaccf\" data-element_type=\"column\" data-e-type=\"column\">\n\t\t\t<div class=\"elementor-widget-wrap elementor-element-populated\">\n\t\t\t\t\t\t<div class=\"elementor-element elementor-element-10e5adc elementor-widget elementor-widget-image\" data-id=\"10e5adc\" data-element_type=\"widget\" data-e-type=\"widget\" data-widget_type=\"image.default\">\n\t\t\t\t<div class=\"elementor-widget-container\">\n\t\t\t\t\t\t\t\t\t\t\t\t\t\t\t<img fetchpriority=\"high\" decoding=\"async\" width=\"543\" height=\"1024\" src=\"https:\/\/kinesiologie-paula.fr\/wp-content\/uploads\/20230202_111946-543x1024.jpg\" class=\"attachment-large size-large wp-image-1440\" alt=\"Paula Faneca - Kinesi\u00f3loga\" srcset=\"https:\/\/kinesiologie-paula.fr\/wp-content\/uploads\/20230202_111946-543x1024.jpg 543w, https:\/\/kinesiologie-paula.fr\/wp-content\/uploads\/20230202_111946-159x300.jpg 159w, https:\/\/kinesiologie-paula.fr\/wp-content\/uploads\/20230202_111946-768x1448.jpg 768w, https:\/\/kinesiologie-paula.fr\/wp-content\/uploads\/20230202_111946-815x1536.jpg 815w, https:\/\/kinesiologie-paula.fr\/wp-content\/uploads\/20230202_111946.jpg 1042w\" sizes=\"(max-width: 543px) 100vw, 543px\" \/>\t\t\t\t\t\t\t\t\t\t\t\t\t\t\t<\/div>\n\t\t\t\t<\/div>\n\t\t\t\t\t<\/div>\n\t\t<\/div>\n\t\t\t\t<div class=\"elementor-column elementor-col-50 elementor-top-column elementor-element elementor-element-31c8889\" data-id=\"31c8889\" data-element_type=\"column\" data-e-type=\"column\">\n\t\t\t<div class=\"elementor-widget-wrap elementor-element-populated\">\n\t\t\t\t\t\t<div class=\"elementor-element elementor-element-905f475 elementor-widget elementor-widget-text-editor\" data-id=\"905f475\" data-element_type=\"widget\" data-e-type=\"widget\" data-widget_type=\"text-editor.default\">\n\t\t\t\t<div class=\"elementor-widget-container\">\n\t\t\t\t\t\t\t\t\t<p>Durante mais de 20 anos tive a sorte de viajar pelo mundo, o que me permitiu alimentar a minha curiosidade descobrindo diferentes culturas e costumes e cultivar a minha mente aberta.<br>A morte de um ente querido levou-me a questionar as minhas escolhas de vida e o significado que lhe queria dar. Deste questionamento surgiu o treino em Feng Shui. Esta pr\u00e1tica marcou o in\u00edcio de uma nova perce\u00e7\u00e3o da vida, da realidade vis\u00edvel e invis\u00edvel e da import\u00e2ncia da natureza, do nosso ambiente e da influ\u00eancia que este pode ter no nosso dia-a-dia.   <\/p><p>Depois de trabalhar com as energias das casas, quis conectar-me mais profundamente com as pessoas que nelas viviam. Assim, formei-me em massagem californiana para relaxar, libertar e aliviar a tens\u00e3o do corpo. De seguida, em Reiki para reequilibrar e libertar as energias do corpo e, por fim, em Terapia Sacro Craniana para trazer relaxamento, flexibilidade e mobilidade ao corpo.<\/p><p><span style=\"font-size: 16px; color: var( --e-global-color-1a80ff8 );\">Dez anos ap\u00f3s a minha forma\u00e7\u00e3o inicial, o confinamento, um acidente e uma nova fase da minha vida levaram-me a consultar um kinesiologa. Tr\u00eas sess\u00f5es foram suficientes para me animar e convencer dos benef\u00edcios e da utilidade desta t\u00e9cnica. <\/span><\/p><p style=\"text-align: center;\"><span style=\"color: #6e266f;\"><strong>Tinha encontrado a ferramenta que me faltava, a qual complementava e harmonizava todas as minhas pr\u00e1ticas.<\/strong><\/span><\/p>\t\t\t\t\t\t\t\t<\/div>\n\t\t\t\t<\/div>\n\t\t\t\t\t<\/div>\n\t\t<\/div>\n\t\t\t\t\t<\/div>\n\t\t<\/section>\n\t\t\t\t<section class=\"elementor-section elementor-top-section elementor-element elementor-element-fe686f3 elementor-section-boxed elementor-section-height-default elementor-section-height-default\" data-id=\"fe686f3\" data-element_type=\"section\" data-e-type=\"section\">\n\t\t\t\t\t\t<div class=\"elementor-container elementor-column-gap-default\">\n\t\t\t\t\t<div class=\"elementor-column elementor-col-100 elementor-top-column elementor-element elementor-element-2656109\" data-id=\"2656109\" data-element_type=\"column\" data-e-type=\"column\">\n\t\t\t<div class=\"elementor-widget-wrap elementor-element-populated\">\n\t\t\t\t\t\t<div class=\"elementor-element elementor-element-a783271 elementor-widget elementor-widget-text-editor\" data-id=\"a783271\" data-element_type=\"widget\" data-e-type=\"widget\" data-widget_type=\"text-editor.default\">\n\t\t\t\t<div class=\"elementor-widget-container\">\n\t\t\t\t\t\t\t\t\t<p>Acreditando na lenda do colibri, encontrei a minha voz e \u00e9 com prazer, amabilidade e humildade que me coloco ao seu servi\u00e7o.<\/p>\t\t\t\t\t\t\t\t<\/div>\n\t\t\t\t<\/div>\n\t\t\t\t<div class=\"elementor-element elementor-element-891cfe6 elementor-widget elementor-widget-heading\" data-id=\"891cfe6\" data-element_type=\"widget\" data-e-type=\"widget\" data-widget_type=\"heading.default\">\n\t\t\t\t<div class=\"elementor-widget-container\">\n\t\t\t\t\t<h2 class=\"elementor-heading-title elementor-size-default\">Forma\u00e7\u00e3o<\/h2>\t\t\t\t<\/div>\n\t\t\t\t<\/div>\n\t\t\t\t<div class=\"elementor-element elementor-element-2175038 elementor-widget elementor-widget-text-editor\" data-id=\"2175038\" data-element_type=\"widget\" data-e-type=\"widget\" data-widget_type=\"text-editor.default\">\n\t\t\t\t<div class=\"elementor-widget-container\">\n\t\t\t\t\t\t\t\t\t&#8211; kinesiologa certificada pela EKMA, Escola de kinesiologia e M\u00e9todos Associados, a minha forma\u00e7\u00e3o inclui 400 horas de m\u00f3dulos essenciais:\n<ul>\n \t<li>Sa\u00fade atrav\u00e9s do toque (m\u00f3dulo b\u00e1sico para kinesiologa),<br><\/li>\n \t<li>Edu-Kinesiologia (Brain Gym),<\/li>\n \t<li>Integra\u00e7\u00e3o Mente-Corpo (conceito 3 em 1),<\/li>\n \t<li>As 7 Dimens\u00f5es da Intelig\u00eancia.<\/li>\n<\/ul>\nE 200 horas de m\u00f3dulos espec\u00edficos:\n<ul>\n \t<li>Kinesiologia Relacional (trabalho em rela\u00e7\u00f5es emocionais),<\/li>\n \t<li>Pr\u00e1tica profissional de kinesiologia (sistema de cren\u00e7as, caminho de vida)<\/li>\n \t<li>Aura-kinesiologia (utilizando o teste para demonstrar objetivamente a exist\u00eancia de Campos de Energia Humana)<\/li>\n \t<li>Luto e Mem\u00f3rias (),<\/li>\n \t<li>Pr\u00e1ticas profissionais de kinesiologia,<\/li>\n \t<li>Princ\u00edpios do equil\u00edbrio<\/li>\n<\/ul>\t\t\t\t\t\t\t\t<\/div>\n\t\t\t\t<\/div>\n\t\t\t\t\t<\/div>\n\t\t<\/div>\n\t\t\t\t\t<\/div>\n\t\t<\/section>\n\t\t\t\t<section class=\"elementor-section elementor-top-section elementor-element elementor-element-608de0d elementor-section-boxed elementor-section-height-default elementor-section-height-default\" data-id=\"608de0d\" data-element_type=\"section\" data-e-type=\"section\">\n\t\t\t\t\t\t<div class=\"elementor-container elementor-column-gap-default\">\n\t\t\t\t\t<div class=\"elementor-column elementor-col-50 elementor-top-column elementor-element elementor-element-83a2b25\" data-id=\"83a2b25\" data-element_type=\"column\" data-e-type=\"column\">\n\t\t\t<div class=\"elementor-widget-wrap elementor-element-populated\">\n\t\t\t\t\t\t<div class=\"elementor-element elementor-element-09be5d4 elementor-position-top elementor-widget elementor-widget-image-box\" data-id=\"09be5d4\" data-element_type=\"widget\" data-e-type=\"widget\" data-widget_type=\"image-box.default\">\n\t\t\t\t<div class=\"elementor-widget-container\">\n\t\t\t\t\t<div class=\"elementor-image-box-wrapper\"><figure class=\"elementor-image-box-img\"><img decoding=\"async\" width=\"225\" height=\"225\" src=\"https:\/\/kinesiologie-paula.fr\/wp-content\/uploads\/telechargement.jpeg\" class=\"attachment-medium size-medium wp-image-1441\" alt=\"Logo EKMA\" srcset=\"https:\/\/kinesiologie-paula.fr\/wp-content\/uploads\/telechargement.jpeg 225w, https:\/\/kinesiologie-paula.fr\/wp-content\/uploads\/telechargement-150x150.jpeg 150w\" sizes=\"(max-width: 225px) 100vw, 225px\" \/><\/figure><div class=\"elementor-image-box-content\"><h3 class=\"elementor-image-box-title\">Kinesiologa certificada pela EKMA<\/h3><p class=\"elementor-image-box-description\">Escola de kinesiologia e M\u00e9todos Associados<\/p><\/div><\/div>\t\t\t\t<\/div>\n\t\t\t\t<\/div>\n\t\t\t\t\t<\/div>\n\t\t<\/div>\n\t\t\t\t<div class=\"elementor-column elementor-col-50 elementor-top-column elementor-element elementor-element-42b0b47\" data-id=\"42b0b47\" data-element_type=\"column\" data-e-type=\"column\">\n\t\t\t<div class=\"elementor-widget-wrap elementor-element-populated\">\n\t\t\t\t\t\t<div class=\"elementor-element elementor-element-ae168c4 elementor-position-top elementor-widget elementor-widget-image-box\" data-id=\"ae168c4\" data-element_type=\"widget\" data-e-type=\"widget\" data-widget_type=\"image-box.default\">\n\t\t\t\t<div class=\"elementor-widget-container\">\n\t\t\t\t\t<div class=\"elementor-image-box-wrapper\"><figure class=\"elementor-image-box-img\"><img decoding=\"async\" width=\"98\" height=\"100\" src=\"https:\/\/kinesiologie-paula.fr\/wp-content\/uploads\/SKPF-logo.png\" class=\"attachment-medium size-medium wp-image-1442\" alt=\"Log\u00f3tipo SKPF\" \/><\/figure><div class=\"elementor-image-box-content\"><h3 class=\"elementor-image-box-title\">Membro do SKPF<\/h3><p class=\"elementor-image-box-description\">Uni\u00e3o Francesa de kinesiologas Profissionais<\/p><\/div><\/div>\t\t\t\t<\/div>\n\t\t\t\t<\/div>\n\t\t\t\t\t<\/div>\n\t\t<\/div>\n\t\t\t\t\t<\/div>\n\t\t<\/section>\n\t\t\t\t<section class=\"elementor-section elementor-top-section elementor-element elementor-element-546f315 elementor-section-boxed elementor-section-height-default elementor-section-height-default\" data-id=\"546f315\" data-element_type=\"section\" data-e-type=\"section\">\n\t\t\t\t\t\t<div class=\"elementor-container elementor-column-gap-default\">\n\t\t\t\t\t<div class=\"elementor-column elementor-col-100 elementor-top-column elementor-element elementor-element-ce9cb1f\" data-id=\"ce9cb1f\" data-element_type=\"column\" data-e-type=\"column\">\n\t\t\t<div class=\"elementor-widget-wrap elementor-element-populated\">\n\t\t\t\t\t\t<div class=\"elementor-element elementor-element-679b6fb elementor-widget elementor-widget-text-editor\" data-id=\"679b6fb\" data-element_type=\"widget\" data-e-type=\"widget\" data-widget_type=\"text-editor.default\">\n\t\t\t\t<div class=\"elementor-widget-container\">\n\t\t\t\t\t\t\t\t\t<p>Como nunca paramos de aprender e a kinesiologia se estende a diferentes \u00e1reas, continuarei a aprofundar a minha pr\u00e1tica e a capacitar-me em novas t\u00e9cnicas todos os anos.<\/p>\t\t\t\t\t\t\t\t<\/div>\n\t\t\t\t<\/div>\n\t\t\t\t\t<\/div>\n\t\t<\/div>\n\t\t\t\t\t<\/div>\n\t\t<\/section>\n\t\t\t\t<section class=\"elementor-section elementor-top-section elementor-element elementor-element-aa80073 elementor-section-boxed elementor-section-height-default elementor-section-height-default\" data-id=\"aa80073\" data-element_type=\"section\" data-e-type=\"section\">\n\t\t\t\t\t\t<div class=\"elementor-container elementor-column-gap-default\">\n\t\t\t\t\t<div class=\"elementor-column elementor-col-50 elementor-top-column elementor-element elementor-element-6d77acb\" data-id=\"6d77acb\" data-element_type=\"column\" data-e-type=\"column\">\n\t\t\t<div class=\"elementor-widget-wrap elementor-element-populated\">\n\t\t\t\t\t\t<div class=\"elementor-element elementor-element-f33dca6 elementor-align-center elementor-widget elementor-widget-button\" data-id=\"f33dca6\" data-element_type=\"widget\" data-e-type=\"widget\" data-widget_type=\"button.default\">\n\t\t\t\t<div class=\"elementor-widget-container\">\n\t\t\t\t\t\t\t\t\t<div class=\"elementor-button-wrapper\">\n\t\t\t\t\t<a class=\"elementor-button elementor-button-link elementor-size-lg\" href=\"https:\/\/kinesiologie-paula.fr\/pt-pt\/marcacao-de-consultas\/\">\n\t\t\t\t\t\t<span class=\"elementor-button-content-wrapper\">\n\t\t\t\t\t\t\t\t\t<span class=\"elementor-button-text\">Marcar consulta<\/span>\n\t\t\t\t\t<\/span>\n\t\t\t\t\t<\/a>\n\t\t\t\t<\/div>\n\t\t\t\t\t\t\t\t<\/div>\n\t\t\t\t<\/div>\n\t\t\t\t\t<\/div>\n\t\t<\/div>\n\t\t\t\t<div class=\"elementor-column elementor-col-50 elementor-top-column elementor-element elementor-element-14df751\" data-id=\"14df751\" data-element_type=\"column\" data-e-type=\"column\">\n\t\t\t<div class=\"elementor-widget-wrap elementor-element-populated\">\n\t\t\t\t\t\t<div class=\"elementor-element elementor-element-86ef9ec elementor-align-center elementor-widget elementor-widget-button\" data-id=\"86ef9ec\" data-element_type=\"widget\" data-e-type=\"widget\" data-widget_type=\"button.default\">\n\t\t\t\t<div class=\"elementor-widget-container\">\n\t\t\t\t\t\t\t\t\t<div class=\"elementor-button-wrapper\">\n\t\t\t\t\t<a class=\"elementor-button elementor-button-link elementor-size-lg\" href=\"https:\/\/kinesiologie-paula.fr\/pt-pt\/precos\/\">\n\t\t\t\t\t\t<span class=\"elementor-button-content-wrapper\">\n\t\t\t\t\t\t\t\t\t<span class=\"elementor-button-text\">Pre\u00e7os<\/span>\n\t\t\t\t\t<\/span>\n\t\t\t\t\t<\/a>\n\t\t\t\t<\/div>\n\t\t\t\t\t\t\t\t<\/div>\n\t\t\t\t<\/div>\n\t\t\t\t\t<\/div>\n\t\t<\/div>\n\t\t\t\t\t<\/div>\n\t\t<\/section>\n\t\t\t\t<section class=\"elementor-section elementor-top-section elementor-element elementor-element-01144e8 elementor-section-boxed elementor-section-height-default elementor-section-height-default\" data-id=\"01144e8\" data-element_type=\"section\" data-e-type=\"section\">\n\t\t\t\t\t\t<div class=\"elementor-container elementor-column-gap-default\">\n\t\t\t\t\t<div class=\"elementor-column elementor-col-100 elementor-top-column elementor-element elementor-element-26ab1b1\" data-id=\"26ab1b1\" data-element_type=\"column\" data-e-type=\"column\">\n\t\t\t<div class=\"elementor-widget-wrap elementor-element-populated\">\n\t\t\t\t\t\t<div class=\"elementor-element elementor-element-5740a04 elementor-widget elementor-widget-text-editor\" data-id=\"5740a04\" data-element_type=\"widget\" data-e-type=\"widget\" data-widget_type=\"text-editor.default\">\n\t\t\t\t<div class=\"elementor-widget-container\">\n\t\t\t\t\t\t\t\t\t<p>&#8220;Em conformidade com os artigos L.616-1 e R.616-1 do C\u00f3digo do Consumidor franc\u00eas, oferecemos um servi\u00e7o de media\u00e7\u00e3o de consumo. A entidade de media\u00e7\u00e3o designada \u00e9: CNPM &#8211; MEDIATION DE LA CONSOMMATION. Em caso de lit\u00edgio, pode submeter a sua reclama\u00e7\u00e3o atrav\u00e9s do website: <a href=\"https:\/\/cnpm-mediation-consommation.eu\/\">https:\/\/cnpm-mediation-consommation.eu <\/a>ou por correio para CNPM &#8211; MEDIATION &#8211; CONSOMMATION &#8211; 27 avenue de la lib\u00e9ration &#8211; 42400 Saint-Chamond, Fran\u00e7a.&#8221;  <\/p>\t\t\t\t\t\t\t\t<\/div>\n\t\t\t\t<\/div>\n\t\t\t\t\t<\/div>\n\t\t<\/div>\n\t\t\t\t\t<\/div>\n\t\t<\/section>\n\t\t\t\t<\/div>\n\t\t","protected":false},"excerpt":{"rendered":"<p>\u00c9 dif\u00edcil definir-se a si mesmo, pois todos somos \u00fanicos e complexos.Uma pessoa n\u00e3o se define apenas pelo que faz, mas certas escolhas de vida podem ajudar-nos a vislumbrar aspetos da sua personalidade. Durante mais de 20 anos tive a sorte de viajar pelo mundo, o que me permitiu alimentar a minha curiosidade descobrindo diferentes [&hellip;]<\/p>\n","protected":false},"author":2,"featured_media":1407,"parent":0,"menu_order":0,"comment_status":"closed","ping_status":"closed","template":"","meta":{"ocean_post_layout":"full-width","ocean_both_sidebars_style":"","ocean_both_sidebars_content_width":0,"ocean_both_sidebars_sidebars_width":0,"ocean_sidebar":"0","ocean_second_sidebar":"0","ocean_disable_margins":"enable","ocean_add_body_class":"","ocean_shortcode_before_top_bar":"","ocean_shortcode_after_top_bar":"","ocean_shortcode_before_header":"","ocean_shortcode_after_header":"","ocean_has_shortcode":"","ocean_shortcode_after_title":"","ocean_shortcode_before_footer_widgets":"","ocean_shortcode_after_footer_widgets":"","ocean_shortcode_before_footer_bottom":"","ocean_shortcode_after_footer_bottom":"","ocean_display_top_bar":"default","ocean_display_header":"default","ocean_header_style":"","ocean_center_header_left_menu":"0","ocean_custom_header_template":"0","ocean_custom_logo":0,"ocean_custom_retina_logo":0,"ocean_custom_logo_max_width":0,"ocean_custom_logo_tablet_max_width":0,"ocean_custom_logo_mobile_max_width":0,"ocean_custom_logo_max_height":0,"ocean_custom_logo_tablet_max_height":0,"ocean_custom_logo_mobile_max_height":0,"ocean_header_custom_menu":"0","ocean_menu_typo_font_family":"0","ocean_menu_typo_font_subset":"","ocean_menu_typo_font_size":0,"ocean_menu_typo_font_size_tablet":0,"ocean_menu_typo_font_size_mobile":0,"ocean_menu_typo_font_size_unit":"px","ocean_menu_typo_font_weight":"","ocean_menu_typo_font_weight_tablet":"","ocean_menu_typo_font_weight_mobile":"","ocean_menu_typo_transform":"","ocean_menu_typo_transform_tablet":"","ocean_menu_typo_transform_mobile":"","ocean_menu_typo_line_height":0,"ocean_menu_typo_line_height_tablet":0,"ocean_menu_typo_line_height_mobile":0,"ocean_menu_typo_line_height_unit":"","ocean_menu_typo_spacing":0,"ocean_menu_typo_spacing_tablet":0,"ocean_menu_typo_spacing_mobile":0,"ocean_menu_typo_spacing_unit":"","ocean_menu_link_color":"","ocean_menu_link_color_hover":"","ocean_menu_link_color_active":"","ocean_menu_link_background":"","ocean_menu_link_hover_background":"","ocean_menu_link_active_background":"","ocean_menu_social_links_bg":"","ocean_menu_social_hover_links_bg":"","ocean_menu_social_links_color":"","ocean_menu_social_hover_links_color":"","ocean_disable_title":"default","ocean_disable_heading":"default","ocean_post_title":"","ocean_post_subheading":"","ocean_post_title_style":"","ocean_post_title_background_color":"","ocean_post_title_background":0,"ocean_post_title_bg_image_position":"","ocean_post_title_bg_image_attachment":"","ocean_post_title_bg_image_repeat":"","ocean_post_title_bg_image_size":"","ocean_post_title_height":0,"ocean_post_title_bg_overlay":0.5,"ocean_post_title_bg_overlay_color":"","ocean_disable_breadcrumbs":"default","ocean_breadcrumbs_color":"","ocean_breadcrumbs_separator_color":"","ocean_breadcrumbs_links_color":"","ocean_breadcrumbs_links_hover_color":"","ocean_display_footer_widgets":"default","ocean_display_footer_bottom":"default","ocean_custom_footer_template":"0","footnotes":""},"class_list":["post-1452","page","type-page","status-publish","has-post-thumbnail","hentry","entry","has-media"],"_links":{"self":[{"href":"https:\/\/kinesiologie-paula.fr\/pt-pt\/wp-json\/wp\/v2\/pages\/1452","targetHints":{"allow":["GET"]}}],"collection":[{"href":"https:\/\/kinesiologie-paula.fr\/pt-pt\/wp-json\/wp\/v2\/pages"}],"about":[{"href":"https:\/\/kinesiologie-paula.fr\/pt-pt\/wp-json\/wp\/v2\/types\/page"}],"author":[{"embeddable":true,"href":"https:\/\/kinesiologie-paula.fr\/pt-pt\/wp-json\/wp\/v2\/users\/2"}],"replies":[{"embeddable":true,"href":"https:\/\/kinesiologie-paula.fr\/pt-pt\/wp-json\/wp\/v2\/comments?post=1452"}],"version-history":[{"count":1,"href":"https:\/\/kinesiologie-paula.fr\/pt-pt\/wp-json\/wp\/v2\/pages\/1452\/revisions"}],"predecessor-version":[{"id":1460,"href":"https:\/\/kinesiologie-paula.fr\/pt-pt\/wp-json\/wp\/v2\/pages\/1452\/revisions\/1460"}],"wp:featuredmedia":[{"embeddable":true,"href":"https:\/\/kinesiologie-paula.fr\/pt-pt\/wp-json\/wp\/v2\/media\/1407"}],"wp:attachment":[{"href":"https:\/\/kinesiologie-paula.fr\/pt-pt\/wp-json\/wp\/v2\/media?parent=1452"}],"curies":[{"name":"wp","href":"https:\/\/api.w.org\/{rel}","templated":true}]}}